{"id":17,"date":"2025-04-22T14:53:07","date_gmt":"2025-04-22T14:53:07","guid":{"rendered":"https:\/\/epacs.co.mz\/?page_id=17"},"modified":"2025-04-22T16:48:51","modified_gmt":"2025-04-22T16:48:51","slug":"area-de-higiene-e-seguranca-ocupacionais","status":"publish","type":"page","link":"https:\/\/epacs.co.mz\/index.php\/area-de-higiene-e-seguranca-ocupacionais\/","title":{"rendered":"\u00c1rea De Higiene E Seguran\u00e7a Ocupacionais"},"content":{"rendered":"\t\t<div data-elementor-type=\"wp-page\" data-elementor-id=\"17\" class=\"elementor elementor-17\">\n\t\t\t\t<div class=\"elementor-element elementor-element-f7d8f2f e-flex e-con-boxed e-con e-parent\" data-id=\"f7d8f2f\" data-element_type=\"container\">\n\t\t\t\t\t<div class=\"e-con-inner\">\n\t\t\t\t<div class=\"elementor-element elementor-element-c454a82 elementor-widget elementor-widget-heading\" data-id=\"c454a82\" data-element_type=\"widget\" data-widget_type=\"heading.default\">\n\t\t\t\t<div class=\"elementor-widget-container\">\n\t\t\t\t\t<h3 class=\"elementor-heading-title elementor-size-default\">PRESTA\u00c7\u00c3O DE SERVI\u00c7OS NA \u00c1REA DE HIGIENE E SEGURAN\u00c7A OCUPACIONAIS<\/h3>\t\t\t\t<\/div>\n\t\t\t\t<\/div>\n\t\t\t\t<div class=\"elementor-element elementor-element-520320e elementor-widget elementor-widget-text-editor\" data-id=\"520320e\" data-element_type=\"widget\" data-widget_type=\"text-editor.default\">\n\t\t\t\t<div class=\"elementor-widget-container\">\n\t\t\t\t\t\t\t\t\t<p><em>Ru\u00eddo, Ilumina\u00e7\u00e3o, Gases e Vapores, Empoeiramento, Ambiente T\u00e9rmico e \u00c1guas Residuais<\/em><\/p><p>A EPACS (Engenharia de Processos, Ambiente, Consultoria e Servi\u00e7os) realiza um conjunto de ensaios para a quantifica\u00e7\u00e3o de agentes qu\u00edmicos e f\u00edsicos presentes nos locais de trabalho, possuindo um conjunto variado de equipamentos de medi\u00e7\u00e3o, o que lhe permite uma grande diversidade e flexibilidade na presta\u00e7\u00e3o de servi\u00e7os nesta \u00e1rea de interven\u00e7\u00e3o.<\/p><p>Al\u00e9m dos ensaios j\u00e1 formatados, podem ser apresentadas propostas de execu\u00e7\u00e3o de outros ensaios necess\u00e1rios \u00e0 carateriza\u00e7\u00e3o dos locais de trabalho, em fun\u00e7\u00e3o das necessidades de cada cliente. O trabalho \u00e9 elaborado por t\u00e9cnicos de seguran\u00e7a no trabalho. A EPACS disp\u00f5e de uma Licen\u00e7a de Auditor Ambiental emitido pelo MITADER.<\/p><p><strong>RU\u00cdDO OCUPACIONAL<\/strong><\/p><p>Este ensaio contempla a medi\u00e7\u00e3o dos n\u00edveis de ru\u00eddo nos postos de trabalho e a avalia\u00e7\u00e3o da exposi\u00e7\u00e3o dos trabalhadores ao ru\u00eddo com base no Decreto-Lei 182\/2006.<\/p><p>Pode ainda ser efetuada a sele\u00e7\u00e3o e\/ou verifica\u00e7\u00e3o dos protetores auditivos, de forma a verificar e\/ou propor protetores auditivos adequados aos n\u00edveis de ru\u00eddo existentes, e o preenchimento das fichas individuais de ru\u00eddo.<\/p><p><strong>ILUMINA\u00c7\u00c3O<\/strong><\/p><p>Este ensaio contempla a medi\u00e7\u00e3o dos n\u00edveis de ilumin\u00e2ncia nos postos de trabalho, com base na Norma ISO 8995, e a verifica\u00e7\u00e3o da adequabilidade dos n\u00edveis de ilumina\u00e7\u00e3o existentes ao tipo de atividades realizadas em cada posto de trabalho.<\/p><p><strong>GASES E VAPORES<\/strong><\/p><p>Estes ensaios contemplam a medi\u00e7\u00e3o dos n\u00edveis de gases e vapores org\u00e2nicos e inorg\u00e2nicos nos postos de trabalho (metano, hidr\u00f3xido de s\u00f3dio, per\u00f3xido de hidrog\u00e9nio, cloro, di\u00f3xido de carbono, mon\u00f3xido de carbono, etc.), de forma a comparar os resultados obtidos com os valores limite de exposi\u00e7\u00e3o (VLE) referidos na legisla\u00e7\u00e3o e\/ou normaliza\u00e7\u00e3o aplic\u00e1vel.<\/p><p><strong>EMPOEIRAMENTO<\/strong><\/p><p>Este ensaio contempla a medi\u00e7\u00e3o dos n\u00edveis de poeiras nos postos de trabalho (poeiras de algod\u00e3o, poeiras totais, poeiras respir\u00e1veis, s\u00edlica, poeiras met\u00e1licas, etc.), e a compara\u00e7\u00e3o dos resultados obtidos com os valores limite de exposi\u00e7\u00e3o (VLE) definidos na legisla\u00e7\u00e3o e\/ou normaliza\u00e7\u00e3o aplic\u00e1vel.<\/p><p><strong>AMBIENTE T\u00c9RMICO<\/strong><\/p><p>Este ensaio contempla a medi\u00e7\u00e3o das condi\u00e7\u00f5es ambientais nos postos de trabalho (temperatura do ar, temperatura h\u00famida, temperatura do globo e velocidade do ar), de forma a determinar o WBGT (par\u00e2metro utilizado para avaliar o conforto t\u00e9rmico de trabalhadores expostos a ambientes quentes), com base nas normas ISO 7243, ISO 7726 e ISO 9920.<\/p><p><strong>QUALIDADE DA \u00c1GUA<\/strong><\/p><p>Este ensaio contempla a medi\u00e7\u00e3o\u00a0 de par\u00e1metros de qualidade de \u00e1gua. Alguns ensaios s\u00e3o realizados in situ outros s\u00e3o realizados no laborat\u00f3rio. Os par\u00e1metros a medir s\u00e3o: temperatura, pH, alcalinidade, condutividade el\u00e9ctrica, s\u00f3lidos totais dissolvidos, s\u00f3lidos suspensos, demanda bioqu\u00edmica do oxigenio, demanda qu\u00edmica do oxig\u00e9nio, nitritos, nitratos, am\u00f3nia, sulfatos, sulfitos, cloro dissolvido.<\/p><p><strong>ESTA\u00c7\u00d5ES DE TRATAMENTO DE \u00c1GUAS RESIDUAIS<\/strong><\/p><p>Esta actividade contempla a caracteriza\u00e7\u00e3o das lamas de ETAR, efluentes e sua classifica\u00e7\u00e3o para uso ben\u00e9fico na agricultura ou sua deposi\u00e7\u00e3o segura no caso de conter materiais perigosos. Os par\u00e1metros a determinar s\u00e3o: pH, s\u00f3lidos vol\u00e1teis, mat\u00e9ria org\u00e1nica, nutrientes (Ptotal, Ntotal, K), metais (Hg, As, Cd, Cr, Pb, Cu, Ni e Zn), compostos organicos vol\u00e1teis e compostos poliarom\u00e1ticos.<\/p>\t\t\t\t\t\t\t\t<\/div>\n\t\t\t\t<\/div>\n\t\t\t\t\t<\/div>\n\t\t\t\t<\/div>\n\t\t\t\t<\/div>\n\t\t","protected":false},"excerpt":{"rendered":"<p>PRESTA\u00c7\u00c3O DE SERVI\u00c7OS NA \u00c1REA DE HIGIENE E SEGURAN\u00c7A OCUPACIONAIS Ru\u00eddo, Ilumina\u00e7\u00e3o, Gases e Vapores, Empoeiramento, Ambiente T\u00e9rmico e \u00c1guas [&hellip;]<\/p>\n","protected":false},"author":1,"featured_media":0,"parent":0,"menu_order":0,"comment_status":"closed","ping_status":"closed","template":"","meta":{"site-sidebar-layout":"no-sidebar","site-content-layout":"plain-container","ast-site-content-layout":"full-width-container","site-content-style":"default","site-sidebar-style":"default","ast-global-header-display":"","ast-banner-title-visibility":"","ast-main-header-display":"","ast-hfb-above-header-display":"","ast-hfb-below-header-display":"","ast-hfb-mobile-header-display":"","site-post-title":"disabled","ast-breadcrumbs-content":"","ast-featured-img":"disabled","footer-sml-layout":"","theme-transparent-header-meta":"enabled","adv-header-id-meta":"","stick-header-meta":"","header-above-stick-meta":"","header-main-stick-meta":"","header-below-stick-meta":"","astra-migrate-meta-layouts":"default","ast-page-background-enabled":"default","ast-page-background-meta":{"desktop":{"background-color":"var(--ast-global-color-5)","background-image":"","background-repeat":"repeat","background-position":"center center","background-size":"auto","background-attachment":"scroll","background-type":"","background-media":"","overlay-type":"","overlay-color":"","overlay-opacity":"","overlay-gradient":""},"tablet":{"background-color":"","background-image":"","background-repeat":"repeat","background-position":"center center","background-size":"auto","background-attachment":"scroll","background-type":"","background-media":"","overlay-type":"","overlay-color":"","overlay-opacity":"","overlay-gradient":""},"mobile":{"background-color":"","background-image":"","background-repeat":"repeat","background-position":"center center","background-size":"auto","background-attachment":"scroll","background-type":"","background-media":"","overlay-type":"","overlay-color":"","overlay-opacity":"","overlay-gradient":""}},"ast-content-background-meta":{"desktop":{"background-color":"var(--ast-global-color-4)","background-image":"","background-repeat":"repeat","background-position":"center center","background-size":"auto","background-attachment":"scroll","background-type":"","background-media":"","overlay-type":"","overlay-color":"","overlay-opacity":"","overlay-gradient":""},"tablet":{"background-color":"var(--ast-global-color-4)","background-image":"","background-repeat":"repeat","background-position":"center center","background-size":"auto","background-attachment":"scroll","background-type":"","background-media":"","overlay-type":"","overlay-color":"","overlay-opacity":"","overlay-gradient":""},"mobile":{"background-color":"var(--ast-global-color-4)","background-image":"","background-repeat":"repeat","background-position":"center center","background-size":"auto","background-attachment":"scroll","background-type":"","background-media":"","overlay-type":"","overlay-color":"","overlay-opacity":"","overlay-gradient":""}},"footnotes":""},"class_list":["post-17","page","type-page","status-publish","hentry"],"_links":{"self":[{"href":"https:\/\/epacs.co.mz\/index.php\/wp-json\/wp\/v2\/pages\/17","targetHints":{"allow":["GET"]}}],"collection":[{"href":"https:\/\/epacs.co.mz\/index.php\/wp-json\/wp\/v2\/pages"}],"about":[{"href":"https:\/\/epacs.co.mz\/index.php\/wp-json\/wp\/v2\/types\/page"}],"author":[{"embeddable":true,"href":"https:\/\/epacs.co.mz\/index.php\/wp-json\/wp\/v2\/users\/1"}],"replies":[{"embeddable":true,"href":"https:\/\/epacs.co.mz\/index.php\/wp-json\/wp\/v2\/comments?post=17"}],"version-history":[{"count":7,"href":"https:\/\/epacs.co.mz\/index.php\/wp-json\/wp\/v2\/pages\/17\/revisions"}],"predecessor-version":[{"id":92,"href":"https:\/\/epacs.co.mz\/index.php\/wp-json\/wp\/v2\/pages\/17\/revisions\/92"}],"wp:attachment":[{"href":"https:\/\/epacs.co.mz\/index.php\/wp-json\/wp\/v2\/media?parent=17"}],"curies":[{"name":"wp","href":"https:\/\/api.w.org\/{rel}","templated":true}]}}